{"id":194,"date":"2018-07-17T17:08:41","date_gmt":"2018-07-17T14:08:41","guid":{"rendered":"http:\/\/www.hobikaardid.eu\/?page_id=194"},"modified":"2018-12-11T09:02:23","modified_gmt":"2018-12-11T07:02:23","slug":"tingimused","status":"publish","type":"page","link":"http:\/\/www.hobikaardid.eu\/en\/tingimused\/","title":{"rendered":"FAQ"},"content":{"rendered":"<h1>Privacy Policy<\/h1>\n<p><strong>M\u00fc\u00fcgitingimuste kehtivus<\/strong><\/p>\n<p>M\u00fc\u00fcgitingimused kehtivad hobikaardid.eu veebipoe klientide (edaspidi Klient) ja HOBIKAARDID O\u00dc vahel kaupade ostmisel tekkivate \u00f5iguste ja kohustuste kohta.<\/p>\n<p>Hobikaardid j\u00e4tab endale \u00f5iguse teha muudatusi m\u00fc\u00fcgitingimustes ja m\u00fc\u00fcgihindades. Nimetatud muudatusi kajastatakse hobikaardid.eu veebilehel.<\/p>\n<p><strong>\u00a0How to Buy<\/strong><\/p>\n<p>Add products to Shopping Cart.<\/p>\n<p>To confirm order press \" Check Out\"<\/p>\n<p>Write all information what is needed,choose shipping method and that press \" Confirm Order\".<\/p>\n<p>When order is placed the system will send invoice and order info automatically to marked  Email.<\/p>\n<p>When order is placed you will have 14 days to make payment,after that we cancel the order.<\/p>\n<p><strong>Paying methods<\/strong><\/p>\n<p>In our E-shop you can pay via Paypal or via Pank transaction<\/p>\n<p><span style=\"line-height: 1.71429; font-size: 1rem;\">Paying via Pank transfer choose \" paying via Pank\". You will see and get the invoice where is all the info where to make transfer,<\/span><\/p>\n<p>Paying via PayPal, choose \"paying method PayPal\" and continue.<\/p>\n<p><span class=\"_5yl5\">Sooritades ostud Hobikaardid e-poest annate kinnituse, et olete tutvunud meie m\u00fc\u00fcgitingimustega<\/span><\/p>\n<p><strong>Ostu-M\u00fc\u00fcgi j\u00f5ustumine<\/strong><\/p>\n<p>Ost-m\u00fc\u00fck j\u00f5ustub hetkest kui tellimuse kogusumma on laekunud HOBIKAARDID O\u00dc arveldusarvele.<\/p>\n<p><strong>Kohaletoimetamine \/ Tarne<br \/>\n<\/strong><\/p>\n<p>Peale m\u00fc\u00fcgilepingu j\u00f5ustumist (Kliendipoolset arve tasumist) komplekteerib hobikaardid.eu tellimuse ning annab selle \u00fcle kohaletoimetamiseks oma logistikapartneritele (Omniva v\u00f5i Itella SmartPOST).<\/p>\n<p>Eestisisene eeldatav tarneaeg on 3-7 t\u00f6\u00f6p\u00e4eva.<\/p>\n<p>Eestisisene tarnehind Omniva ning SmartPOST pakiautomaati on v\u00e4iksemate toodete puhul 3\u20ac ning karpide puhul 5\u20ac.<\/p>\n<p>E-poes n\u00e4idatud kohaletoimetamise t\u00e4htajad kehtivad arve tasumise hetkest.<\/p>\n<p>E-poes m\u00fc\u00fcdatavate toodete hinnad on m\u00e4rgitud iga toote juurde eraldi. Hinnale lisandub tasu kauba k\u00e4ttetoimetamise eest.<\/p>\n<p>Tarnehind v\u00f5ib muutuda, kui tooteid on rohkem v\u00f5i tooted on suuremad ning n\u00f5uavad suuremaid tarnetingimusi.<\/p>\n<p><strong>Return Policy<\/strong><\/p>\n<p>Products that have purchase in Hobikaardid O\u00dc E-shop have 14 days return policy.<\/p>\n<p>On sale products have also 14 days return policy!<\/p>\n<p>Returned item have to have original package,whitout damaged.The item have to be un damaged.<\/p>\n<p>Hobikaardud O\u00dc will have 14 days to make return payment to client.<\/p>\n<p>Return transaction will be made to same client who made purchage!<\/p>\n<p>When Hobikaardid O\u00dc sees that returned item has damaged marks or has been damaged to original box ,then we wil not make return transaction.<\/p>\n<p><span class=\"_5yl5\">\u00dcksikud kaardid ei kuulu tagastamisele.<\/span><\/p>\n<p>Vastavalt V\u00d5S \u00a7-le 56 lg 1, on kliendil \u00f5igus taganeda lepingust 14-p\u00e4eva jooksul alates kauba k\u00e4ttesaamisest.<\/p>\n<p>When buyer is using  Company info to make orders,,then we not accept Returns.<\/p>\n<p>Tagastatav kaup peab olema kasutamata, kahjustamata ja originaalpakendis.<\/p>\n<p>Damaged item or box will not be returned.<\/p>\n<p>Kauba tagastamise v\u00f5i kauba vahetamise transpordi\/postikulud kannab ostja, v\u00e4lja arvatud juhul kui tagastamise p\u00f5hjuseks on mittevastavus tellitule v\u00f5i defektiga kaup.<\/p>\n<p>Raha tagastatud kauba eest h\u00fcvitatakse kliendile koheselt, kuid mitte hiljem kui 14 p\u00e4eva m\u00f6\u00f6dumisel taganemisavalduse k\u00e4ttesaamisest<\/p>\n<p><strong>Hobikaardid e-poodi ei vastuta:<\/strong><\/p>\n<p>Kliendi s\u00fc\u00fcl v\u00f5i hoolimatusel tekkinud toote kahjustumise eest<\/p>\n<p>Toote tarneaja pikkuse \u00fcle<\/p>\n<p>Teile tekitatud kahjude v\u00f5i kauba kohaletoimetamise viibimise eest juhul, kui kahju v\u00f5i kauba kohaletoimetamise viibimine on tingitud asjaoludest, mida hobikaardid.eu ei saanud m\u00f5jutada v\u00f5i ette n\u00e4ha.<\/p>\n<p><strong>Privaatsus<\/strong><\/p>\n<p>Klient annab Hobikaardid e-poes andmeid sisestades ning vastava kinnitusega hobikaardid.eu e-poele \u00f5iguse koguda ja t\u00f6\u00f6delda Kliendi isikuandmeid (nimi, kontakttelefon, paki k\u00e4ttetoimetamise ja\/v\u00f5i kodune aadress, e-postiaadress) ning edastada logistikapartnerile isikuandmeid toodete kohaletoimetamiseks.<\/p>\n<p>Isikuandmeid kogutakse ning neid t\u00f6\u00f6deldakse j\u00e4rgmistel eesm\u00e4rkidel:<\/p>\n<ul>\n<li>Kliendi ostutellimuste tegemiseks;<\/li>\n<li>Ostuanal\u00fc\u00fcside ja kokkuv\u00f5tete tegemiseks, Kliendile pakkumiste tegemiseks;<\/li>\n<li>Klientide probleemide ja soovide lahendamiseks;<\/li>\n<li>Kliendi rahulolu k\u00fcsitluste korraldamiseks.<\/li>\n<\/ul>\n<p>Kliendil on igal ajal \u00f5igus keelata oma isikuandmete kasutamine, v\u00e4lja arvatud juhul, kui see on vajalik lepingust tuleneva n\u00f5ude sissen\u00f5udmiseks v\u00f5i toote kohaletoimetamiseks.<\/p>\n<p>E-poe tellimuste keskkonnas s\u00e4ilitatavaid andmeid Kliendi ja tema tellimuste kohta k\u00e4sitletakse konfidentsiaalse informatsioonina ning neid t\u00f6\u00f6deldakse vastavalt isikuandmete kaitse seaduse n\u00f5uetele.<\/p>\n<p>Hobikaardid.eu on v\u00f5tnud endale kohustuse kaitsta kliendi privaatsust ja hoolitseda, et kliendi isikuandmed on kaitstud ja kolmandatele isikutele k\u00e4ttesaamatud (v.a. transporditeenuse osutajale).<\/p>","protected":false},"excerpt":{"rendered":"<p>\u00dcld- ja m\u00fc\u00fcgitingimused. M\u00fc\u00fcgitingimuste kehtivus M\u00fc\u00fcgitingimused kehtivad hobikaardid.eu veebipoe klientide (edaspidi Klient) ja HOBIKAARDID O\u00dc vahel kaupade ostmisel tekkivate \u00f5iguste ja kohustuste kohta. Hobikaardid j\u00e4tab endale \u00f5iguse teha muudatusi m\u00fc\u00fcgitingimustes ja m\u00fc\u00fcgihindades. Nimetatud muudatusi kajastatakse hobikaardid.eu veebilehel. \u00a0Tellimuse vormistamine Lisa soovitud tooted ostukorvi. Tellimuse vormistamisega alustamiseks vajuta ostukorvis lingile \u201eMine maksma\u201c. Tellimuse vormistamise lehel t\u00e4ida&#8230;<\/p>\n<div class=\"link-more\"><a href=\"http:\/\/www.hobikaardid.eu\/en\/tingimused\/#more-194\" class=\"more-link\">Continue reading &#10142; <span class=\"screen-reader-text\">FAQ<\/span><\/a><\/div>","protected":false},"author":1,"featured_media":0,"parent":0,"menu_order":0,"comment_status":"closed","ping_status":"closed","template":"","meta":{"footnotes":""},"class_list":["post-194","page","type-page","status-publish","hentry"],"_links":{"self":[{"href":"http:\/\/www.hobikaardid.eu\/en\/wp-json\/wp\/v2\/pages\/194","targetHints":{"allow":["GET"]}}],"collection":[{"href":"http:\/\/www.hobikaardid.eu\/en\/wp-json\/wp\/v2\/pages"}],"about":[{"href":"http:\/\/www.hobikaardid.eu\/en\/wp-json\/wp\/v2\/types\/page"}],"author":[{"embeddable":true,"href":"http:\/\/www.hobikaardid.eu\/en\/wp-json\/wp\/v2\/users\/1"}],"replies":[{"embeddable":true,"href":"http:\/\/www.hobikaardid.eu\/en\/wp-json\/wp\/v2\/comments?post=194"}],"version-history":[{"count":6,"href":"http:\/\/www.hobikaardid.eu\/en\/wp-json\/wp\/v2\/pages\/194\/revisions"}],"predecessor-version":[{"id":914,"href":"http:\/\/www.hobikaardid.eu\/en\/wp-json\/wp\/v2\/pages\/194\/revisions\/914"}],"wp:attachment":[{"href":"http:\/\/www.hobikaardid.eu\/en\/wp-json\/wp\/v2\/media?parent=194"}],"curies":[{"name":"wp","href":"https:\/\/api.w.org\/{rel}","templated":true}]}}