{"id":16242,"date":"2023-10-01T15:27:54","date_gmt":"2023-10-01T12:27:54","guid":{"rendered":"http:\/\/www.hobikaardid.eu\/?post_type=product&#038;p=16242"},"modified":"2023-10-01T15:27:54","modified_gmt":"2023-10-01T12:27:54","slug":"hobikaartide-premium-pakk-2","status":"publish","type":"product","link":"http:\/\/www.hobikaardid.eu\/en\/product\/hobikaartide-premium-pakk-2\/","title":{"rendered":"Hobikaartide Premium Pakk"},"content":{"rendered":"<p>Hobikaartide Premium korvpalli pakk. Erinevate aastate ja seeriate kaardid. Pakis 10 kaarti, millest \u00fcks on kas nummerdusega, m\u00e4lestusesemega v\u00f5i autogrammiga kaart.<\/p>\n<p>Pilt on illustratiivne.<\/p>","protected":false},"excerpt":{"rendered":"<p>Hobikaartide Premium korvpalli pakk. Erinevate aastate ja seeriate kaardid. Pakis 10 kaarti, millest \u00fcks on kas nummerdusega, m\u00e4lestusesemega v\u00f5i autogrammiga kaart. Pilt on illustratiivne.<\/p>\n<div class=\"link-more\"><a href=\"http:\/\/www.hobikaardid.eu\/en\/product\/hobikaartide-premium-pakk-2\/#more-16242\" class=\"more-link\">Continue reading &#10142; <span class=\"screen-reader-text\">Hobikaartide Premium Pakk<\/span><\/a><\/div>","protected":false},"featured_media":16243,"comment_status":"open","ping_status":"closed","template":"","meta":[],"product_brand":[],"product_cat":[23],"product_tag":[],"class_list":{"0":"post-16242","1":"product","2":"type-product","3":"status-publish","4":"has-post-thumbnail","6":"product_cat-basketball","7":"product_shipping_class-post","9":"first","10":"instock","11":"taxable","12":"shipping-taxable","13":"purchasable","14":"product-type-simple"},"_links":{"self":[{"href":"http:\/\/www.hobikaardid.eu\/en\/wp-json\/wp\/v2\/product\/16242","targetHints":{"allow":["GET"]}}],"collection":[{"href":"http:\/\/www.hobikaardid.eu\/en\/wp-json\/wp\/v2\/product"}],"about":[{"href":"http:\/\/www.hobikaardid.eu\/en\/wp-json\/wp\/v2\/types\/product"}],"replies":[{"embeddable":true,"href":"http:\/\/www.hobikaardid.eu\/en\/wp-json\/wp\/v2\/comments?post=16242"}],"wp:featuredmedia":[{"embeddable":true,"href":"http:\/\/www.hobikaardid.eu\/en\/wp-json\/wp\/v2\/media\/16243"}],"wp:attachment":[{"href":"http:\/\/www.hobikaardid.eu\/en\/wp-json\/wp\/v2\/media?parent=16242"}],"wp:term":[{"taxonomy":"product_brand","embeddable":true,"href":"http:\/\/www.hobikaardid.eu\/en\/wp-json\/wp\/v2\/product_brand?post=16242"},{"taxonomy":"product_cat","embeddable":true,"href":"http:\/\/www.hobikaardid.eu\/en\/wp-json\/wp\/v2\/product_cat?post=16242"},{"taxonomy":"product_tag","embeddable":true,"href":"http:\/\/www.hobikaardid.eu\/en\/wp-json\/wp\/v2\/product_tag?post=16242"}],"curies":[{"name":"wp","href":"https:\/\/api.w.org\/{rel}","templated":true}]}}