{"id":16716,"date":"2023-12-31T00:03:24","date_gmt":"2023-12-30T22:03:24","guid":{"rendered":"http:\/\/www.hobikaardid.eu\/?post_type=product&#038;p=16716"},"modified":"2025-12-15T22:58:43","modified_gmt":"2025-12-15T20:58:43","slug":"mystery-kaardi-pakk","status":"publish","type":"product","link":"http:\/\/www.hobikaardid.eu\/en\/product\/mystery-kaardi-pakk\/","title":{"rendered":"Mystery Kaart"},"content":{"rendered":"<p>Mystery kaart EHK M\u00fcsteeriumi Kaart sisaldab \u00fchte Korvpalli- ja\/v\u00f5i jalgpallikaarti,<br \/>\nKaart v\u00f5ib olla autogrammiga-, s\u00e4rgit\u00fckiga-, m\u00e4lestusesegakaart v\u00f5i eri tasemega nummerdusega.<\/p>","protected":false},"excerpt":{"rendered":"<p>Mystery kaart EHK M\u00fcsteeriumi Kaart sisaldab \u00fchte Korvpalli- ja\/v\u00f5i jalgpallikaarti, Kaart v\u00f5ib olla autogrammiga-, s\u00e4rgit\u00fckiga-, m\u00e4lestusesegakaart v\u00f5i eri tasemega nummerdusega.<\/p>\n<div class=\"link-more\"><a href=\"http:\/\/www.hobikaardid.eu\/en\/product\/mystery-kaardi-pakk\/#more-16716\" class=\"more-link\">Continue reading &#10142; <span class=\"screen-reader-text\">Mystery Kaart<\/span><\/a><\/div>","protected":false},"featured_media":16717,"comment_status":"open","ping_status":"closed","template":"","meta":[],"product_brand":[],"product_cat":[22,23],"product_tag":[],"class_list":{"0":"post-16716","1":"product","2":"type-product","3":"status-publish","4":"has-post-thumbnail","6":"product_cat-football","7":"product_cat-basketball","8":"product_shipping_class-post","10":"first","11":"instock","12":"taxable","13":"shipping-taxable","14":"purchasable","15":"product-type-simple"},"_links":{"self":[{"href":"http:\/\/www.hobikaardid.eu\/en\/wp-json\/wp\/v2\/product\/16716","targetHints":{"allow":["GET"]}}],"collection":[{"href":"http:\/\/www.hobikaardid.eu\/en\/wp-json\/wp\/v2\/product"}],"about":[{"href":"http:\/\/www.hobikaardid.eu\/en\/wp-json\/wp\/v2\/types\/product"}],"replies":[{"embeddable":true,"href":"http:\/\/www.hobikaardid.eu\/en\/wp-json\/wp\/v2\/comments?post=16716"}],"wp:featuredmedia":[{"embeddable":true,"href":"http:\/\/www.hobikaardid.eu\/en\/wp-json\/wp\/v2\/media\/16717"}],"wp:attachment":[{"href":"http:\/\/www.hobikaardid.eu\/en\/wp-json\/wp\/v2\/media?parent=16716"}],"wp:term":[{"taxonomy":"product_brand","embeddable":true,"href":"http:\/\/www.hobikaardid.eu\/en\/wp-json\/wp\/v2\/product_brand?post=16716"},{"taxonomy":"product_cat","embeddable":true,"href":"http:\/\/www.hobikaardid.eu\/en\/wp-json\/wp\/v2\/product_cat?post=16716"},{"taxonomy":"product_tag","embeddable":true,"href":"http:\/\/www.hobikaardid.eu\/en\/wp-json\/wp\/v2\/product_tag?post=16716"}],"curies":[{"name":"wp","href":"https:\/\/api.w.org\/{rel}","templated":true}]}}